{"id":4272,"date":"2025-01-23T17:41:24","date_gmt":"2025-01-23T17:41:24","guid":{"rendered":"https:\/\/laundry.shopper.ge\/product\/%e1%83%93%e1%83%9d%e1%83%96%e1%83%90%e1%83%a2%e1%83%9d%e1%83%a0%e1%83%98-nike-tl-injecta\/"},"modified":"2025-01-23T17:43:06","modified_gmt":"2025-01-23T17:43:06","slug":"dozatori-nike-tl-injecta","status":"publish","type":"product","link":"https:\/\/laundryhub.ge\/en\/product\/dozatori-nike-tl-injecta\/","title":{"rendered":"PUMP NIKE TL INJECTA"},"content":{"rendered":"<p>&#8211; TIMED DOSING 0 \u00f7 999 SEC. WITH TRIGGER ACTIVATION<br \/>\n&#8211; IDEAL FOR COIN-OPERATED MACHINES<br \/>\n&#8211; FIXED FILTER OF 5 SEC ON TRIGGER<br \/>\n&#8211; SETTABLE DELAY ON DOSING ACTIVATION 0 \u00f7 999 SEC<br \/>\n&#8211; HOLD TIME SETTABLE ON TRIGGER 0 \u00f7 999 MIN<br \/>\n&#8211; PARAMETERS SETTING MENU PROTECTED BY PASSWORD (0 \u00f7 999)<br \/>\n&#8211; CONTROL OF THE MOTOR AND OF THE INITIAL START-UP WITH ALARM IN CASE OF OVERLOAD ON THE MOTOR AND MANAGEMENT OF STARTING ATTEMPT<br \/>\n&#8211; SUITABLE FOR HIGH VISCOUS LIQUID INJECTION<br \/>\n&#8211; IP 65 PROTECTION DEGREE<br \/>\n&#8211; EASY INSTALLATION AND MAINTENANCE<br \/>\n&#8211; POWER SUPPLY 100 \u00f7 240 or 24 Vac 50\/60hz, TRIGGER 100 \u00f7 240 or 24 Vac<br \/>\n&#8211; EPDM OR SILICON PERISTALTIC HOSE \u00d8 6,25&#215;10,5 mm<br \/>\n&#8211; FLOW RATE 15 L\/h &#8211; PRESSURE 100 kPa (1 bar \u2013 14,5 psi)<br \/>\n&#8211; LOW-Level sensor upon request<\/p>\n","protected":false},"excerpt":{"rendered":"<p>&#8211; TIMED DOSING 0 \u00f7 999 SEC. WITH TRIGGER ACTIVATION &#8211; IDEAL FOR COIN-OPERATED MACHINES &#8211; FIXED FILTER OF 5 SEC ON TRIGGER &#8211; SETTABLE DELAY ON DOSING ACTIVATION 0 \u00f7 999 SEC &#8211; HOLD TIME SETTABLE ON TRIGGER 0 \u00f7 999 MIN &#8211; PARAMETERS SETTING MENU PROTECTED BY PASSWORD (0 \u00f7 999) &#8211; CONTROL [&hellip;]<\/p>\n","protected":false},"featured_media":4271,"comment_status":"closed","ping_status":"closed","template":"","meta":{"_acf_changed":false,"_gspb_post_css":""},"product_brand":[411],"product_cat":[366],"product_tag":[],"class_list":{"0":"post-4272","1":"product","2":"type-product","3":"status-publish","4":"has-post-thumbnail","6":"product_brand-injecta-en","7":"product_cat-pump","8":"pa_condition-in-stock","10":"first","11":"instock","12":"shipping-taxable","13":"purchasable","14":"product-type-simple"},"acf":[],"_links":{"self":[{"href":"https:\/\/laundryhub.ge\/en\/wp-json\/wp\/v2\/product\/4272","targetHints":{"allow":["GET"]}}],"collection":[{"href":"https:\/\/laundryhub.ge\/en\/wp-json\/wp\/v2\/product"}],"about":[{"href":"https:\/\/laundryhub.ge\/en\/wp-json\/wp\/v2\/types\/product"}],"replies":[{"embeddable":true,"href":"https:\/\/laundryhub.ge\/en\/wp-json\/wp\/v2\/comments?post=4272"}],"wp:featuredmedia":[{"embeddable":true,"href":"https:\/\/laundryhub.ge\/en\/wp-json\/wp\/v2\/media\/4271"}],"wp:attachment":[{"href":"https:\/\/laundryhub.ge\/en\/wp-json\/wp\/v2\/media?parent=4272"}],"wp:term":[{"taxonomy":"product_brand","embeddable":true,"href":"https:\/\/laundryhub.ge\/en\/wp-json\/wp\/v2\/product_brand?post=4272"},{"taxonomy":"product_cat","embeddable":true,"href":"https:\/\/laundryhub.ge\/en\/wp-json\/wp\/v2\/product_cat?post=4272"},{"taxonomy":"product_tag","embeddable":true,"href":"https:\/\/laundryhub.ge\/en\/wp-json\/wp\/v2\/product_tag?post=4272"}],"curies":[{"name":"wp","href":"https:\/\/api.w.org\/{rel}","templated":true}]}}