{"id":2403,"date":"2025-03-11T20:00:56","date_gmt":"2025-03-11T20:00:56","guid":{"rendered":"https:\/\/laundry.shopper.ge\/product\/%e1%83%a1%e1%83%90%e1%83%a0%e1%83%94%e1%83%aa%e1%83%ae%e1%83%98-%e1%83%9b%e1%83%90%e1%83%9c%e1%83%a5%e1%83%90%e1%83%9c%e1%83%90-iy-%e1%83%93%e1%83%98%e1%83%93%e1%83%98-ipso\/"},"modified":"2025-03-19T09:44:01","modified_gmt":"2025-03-19T09:44:01","slug":"saretskhi-mankhana-iy-didi-ipso","status":"publish","type":"product","link":"https:\/\/laundryhub.ge\/en\/product\/saretskhi-mankhana-iy-didi-ipso\/","title":{"rendered":"WASHING MACHINE IY LARGE IPSO"},"content":{"rendered":"<p>IY800 \/ IY1000 \/ IY1200<\/p>\n<p>&#8211; Freestanding, high spin<br \/>\n&#8211; Stainless steel cabinet<br \/>\n&#8211; Stainless steel drum and tub<br \/>\n&#8211; Aries Elite &#8211; Fully programmable microprocessor<br \/>\n&#8211; Extra large door opening (IY800, IY1000 \u00d8530mm, IY120 \u00d8650mm)<br \/>\n&#8211; Two large drain valves (\u00d8103mm)<br \/>\n&#8211; Easy access to all parts<br \/>\n&#8211; Standard liquid soap connections<br \/>\n&#8211; Frequency-controlled motor<br \/>\n&#8211; Patented soap dispenser with 5 removable compartments<br \/>\n&#8211; Perforated lifting ribs: more mechanical action, lower water consumption<br \/>\n&#8211; Air-operated water inlet<br \/>\n&#8211; Eco-washing programs &#8211; significantly reduce water and electricity consumption<\/p>\n","protected":false},"excerpt":{"rendered":"<p>IY800 \/ IY1000 \/ IY1200 &#8211; Freestanding, high spin &#8211; Stainless steel cabinet &#8211; Stainless steel drum and tub &#8211; Aries Elite &#8211; Fully programmable microprocessor &#8211; Extra large door opening (IY800, IY1000 \u00d8530mm, IY120 \u00d8650mm) &#8211; Two large drain valves (\u00d8103mm) &#8211; Easy access to all parts &#8211; Standard liquid soap connections &#8211; Frequency-controlled [&hellip;]<\/p>\n","protected":false},"featured_media":2402,"comment_status":"closed","ping_status":"closed","template":"","meta":{"_acf_changed":false,"_gspb_post_css":""},"product_brand":[104],"product_cat":[272],"product_tag":[],"class_list":{"0":"post-2403","1":"product","2":"type-product","3":"status-publish","4":"has-post-thumbnail","6":"product_brand-ipso","7":"product_cat-high-speed-washer-en","8":"pa_condition-by-order","9":"pa_instructions-yes","11":"first","12":"instock","13":"shipping-taxable","14":"purchasable","15":"product-type-variable"},"acf":[],"_links":{"self":[{"href":"https:\/\/laundryhub.ge\/en\/wp-json\/wp\/v2\/product\/2403","targetHints":{"allow":["GET"]}}],"collection":[{"href":"https:\/\/laundryhub.ge\/en\/wp-json\/wp\/v2\/product"}],"about":[{"href":"https:\/\/laundryhub.ge\/en\/wp-json\/wp\/v2\/types\/product"}],"replies":[{"embeddable":true,"href":"https:\/\/laundryhub.ge\/en\/wp-json\/wp\/v2\/comments?post=2403"}],"wp:featuredmedia":[{"embeddable":true,"href":"https:\/\/laundryhub.ge\/en\/wp-json\/wp\/v2\/media\/2402"}],"wp:attachment":[{"href":"https:\/\/laundryhub.ge\/en\/wp-json\/wp\/v2\/media?parent=2403"}],"wp:term":[{"taxonomy":"product_brand","embeddable":true,"href":"https:\/\/laundryhub.ge\/en\/wp-json\/wp\/v2\/product_brand?post=2403"},{"taxonomy":"product_cat","embeddable":true,"href":"https:\/\/laundryhub.ge\/en\/wp-json\/wp\/v2\/product_cat?post=2403"},{"taxonomy":"product_tag","embeddable":true,"href":"https:\/\/laundryhub.ge\/en\/wp-json\/wp\/v2\/product_tag?post=2403"}],"curies":[{"name":"wp","href":"https:\/\/api.w.org\/{rel}","templated":true}]}}